{"id":5,"date":"2015-10-17T10:21:39","date_gmt":"2015-10-17T07:21:39","guid":{"rendered":"http:\/\/localhost:90\/ozsoy\/?page_id=5"},"modified":"2022-09-14T13:19:43","modified_gmt":"2022-09-14T10:19:43","slug":"hakkimizda","status":"publish","type":"page","link":"http:\/\/www.ozsoyplastik.com\/index.php\/hakkimizda\/","title":{"rendered":"Hakk\u0131m\u0131zda"},"content":{"rendered":"<p>[vc_row][vc_column][vc_column_text]<\/p>\n<p style=\"text-align: center;\">\u00d6zsoy Plastik San ve Tic. Ltd. \u015eti. 1972 y\u0131l\u0131nda PE ambalaj \u00fcretimine ba\u015flam\u0131\u015ft\u0131r.\u00a0O\u00a0g\u00fcnlerden\u00a0bu\u00a0g\u00fcne ilk flekso bask\u0131l\u0131 ve bask\u0131s\u0131z PE ambalaj \u00fcretimiyle Gaziantep\u2019 te plastik ve\u00a0ambalaj sekt\u00f6r\u00fcn\u00fcn geli\u015fmesinde \u00f6nc\u00fcl\u00fck yapm\u0131\u015ft\u0131r.<\/p>\n<p style=\"line-height: 21pt; box-sizing: border-box; font-variant-ligatures: normal; font-variant-caps: normal; orphans: 2; widows: 2; -webkit-text-stroke-width: 0px; text-decoration-style: initial; text-decoration-color: initial; word-spacing: 0px; margin: 15pt 0cm 0.0001pt; text-align: center;\">Firmam\u0131z \u00d6rnek Sanayi Sitesinde \u00f6zel sipari\u015f\u00a0\u00fczerine, m\u00fc\u015fterilerimize bask\u0131l\u0131 ve bask\u0131s\u0131z, kaliteli \u00fcr\u00fcn sunarak\u00a0\u00fcretimine devam etmektedir.<\/p>\n<p style=\"text-align: center;\">Firmam\u0131z kendi b\u00fcnyesi i\u00e7erisinde AR-GE \u00e7al\u0131\u015fmalar\u0131na\u00a0a\u011f\u0131rl\u0131k vererek, \u00fcr\u00fcn kalite ve \u00e7e\u015fitlili\u011fini her ge\u00e7en g\u00fcn daha da\u00a0y\u00fckse\u011fe \u00e7ekmeyi hedeflemektedir.<\/p>\n<p style=\"line-height: 21pt; margin: 15pt 0cm 0.0001pt; text-align: center;\">Firmam\u0131z\u0131n logosunun anlam\u0131;<\/p>\n<p style=\"line-height: 21pt; margin: 15pt 0cm 0.0001pt; text-align: center;\"><strong>&#8220;D\u00f6rt yaprakl\u0131 yoncan\u0131n her yapra\u011f\u0131n\u0131n bir anlam\u0131 vard\u0131r; \u0130nan\u00e7, Umut, Sevgi, \u015eans.&#8221;<\/strong><\/p>\n<p style=\"text-align: center;\">&#8220;D\u00f6rt yaprakl\u0131 yonca bulmak \u015fans getirir, \u00e7\u00fcnk\u00fc s\u0131radan insanlar\u0131n kar\u015f\u0131na sadece \u00fc\u00e7 yaprakl\u0131 yoncalar \u00e7\u0131kar, sadece \u015fansl\u0131lar d\u00f6rt yaprakl\u0131lar\u0131 bulabilir.&#8221;<\/p>\n<p>[\/vc_column_text][\/vc_column][\/vc_row][vc_row][vc_column][vc_single_image image=&#8221;767&#8243; img_size=&#8221;800&#215;260&#8243; alignment=&#8221;center&#8221;][\/vc_column][\/vc_row][vc_row][vc_column width=&#8221;1\/2&#8243;][vc_single_image image=&#8221;766&#8243; img_size=&#8221;350&#215;350&#8243; alignment=&#8221;center&#8221; style=&#8221;vc_box_rounded&#8221;][\/vc_column][vc_column width=&#8221;1\/2&#8243;][vc_column_text]<\/p>\n<p style=\"text-align: center;\"><em><strong>M\u0130SYONUMUZ :<\/strong><\/em><\/p>\n<p style=\"text-align: center;\">\u0130\u015fe sayg\u0131yla ba\u015flama,<\/p>\n<p style=\"text-align: center;\">tak\u0131m ruhuyla hareket etmek,<\/p>\n<p style=\"text-align: center;\">kaliteli \u00fcr\u00fcn \u00fcretmek,<\/p>\n<p style=\"text-align: center;\">m\u00fc\u015fteri taleplerine zaman\u0131nda cevap verebilmek,<\/p>\n<p style=\"text-align: center;\">sipari\u015fi en k\u0131sa s\u00fcrede yerine teslim edebilmek,<\/p>\n<p style=\"text-align: center;\">m\u00fc\u015fteri memnuniyeti odakl\u0131 \u00e7al\u0131\u015fmak.<\/p>\n<p>[\/vc_column_text][\/vc_column][\/vc_row][vc_row][vc_column width=&#8221;1\/2&#8243;][vc_single_image image=&#8221;765&#8243; img_size=&#8221;350&#215;350&#8243; alignment=&#8221;center&#8221; style=&#8221;vc_box_shadow_3d&#8221;][\/vc_column][vc_column width=&#8221;1\/2&#8243;][vc_column_text]<\/p>\n<p style=\"text-align: center;\"><em><strong>V\u0130ZYONUMUZ :<\/strong><\/em><\/p>\n<p style=\"text-align: center;\">AR-GE \u00e7al\u0131\u015fmalar\u0131m\u0131z \u00f6nc\u00fcl\u00fc\u011f\u00fcnde,<\/p>\n<p style=\"text-align: center;\">makine altyap\u0131m\u0131z\u0131 g\u00fc\u00e7lendirerek<\/p>\n<p style=\"text-align: center;\">plastik ve ambalaj sekt\u00f6r\u00fcnde daha da<\/p>\n<p style=\"text-align: center;\">ileri noktalar\u0131 hedef edinmi\u015ftir.<\/p>\n<p>&nbsp;<\/p>\n<p><img loading=\"lazy\" class=\"aligncenter size-full wp-image-1550\" src=\"http:\/\/www.ozsoyplastik.com\/wp-content\/uploads\/2019\/04\/ozsoy_oda_logo.jpg\" alt=\"\" width=\"3368\" height=\"715\" srcset=\"http:\/\/www.ozsoyplastik.com\/wp-content\/uploads\/2019\/04\/ozsoy_oda_logo.jpg 3368w, http:\/\/www.ozsoyplastik.com\/wp-content\/uploads\/2019\/04\/ozsoy_oda_logo-300x64.jpg 300w, http:\/\/www.ozsoyplastik.com\/wp-content\/uploads\/2019\/04\/ozsoy_oda_logo-768x163.jpg 768w, http:\/\/www.ozsoyplastik.com\/wp-content\/uploads\/2019\/04\/ozsoy_oda_logo-1024x217.jpg 1024w, http:\/\/www.ozsoyplastik.com\/wp-content\/uploads\/2019\/04\/ozsoy_oda_logo-770x163.jpg 770w, http:\/\/www.ozsoyplastik.com\/wp-content\/uploads\/2019\/04\/ozsoy_oda_logo-1080x229.jpg 1080w\" sizes=\"(max-width: 3368px) 100vw, 3368px\" \/>[\/vc_column_text][\/vc_column][\/vc_row]<\/p>\n","protected":false},"excerpt":{"rendered":"<p>[vc_row][vc_column][vc_column_text] \u00d6zsoy Plastik San ve Tic. Ltd. \u015eti. 1972 y\u0131l\u0131nda PE ambalaj \u00fcretimine ba\u015flam\u0131\u015ft\u0131r.\u00a0O\u00a0g\u00fcnlerden\u00a0bu\u00a0g\u00fcne ilk flekso bask\u0131l\u0131 ve bask\u0131s\u0131z PE ambalaj \u00fcretimiyle Gaziantep\u2019 te plastik ve\u00a0ambalaj sekt\u00f6r\u00fcn\u00fcn geli\u015fmesinde \u00f6nc\u00fcl\u00fck yapm\u0131\u015ft\u0131r. &#8230;<\/p>\n","protected":false},"author":1,"featured_media":0,"parent":0,"menu_order":0,"comment_status":"closed","ping_status":"closed","template":"template-fullwidth.php","meta":[],"_links":{"self":[{"href":"http:\/\/www.ozsoyplastik.com\/index.php\/wp-json\/wp\/v2\/pages\/5"}],"collection":[{"href":"http:\/\/www.ozsoyplastik.com\/index.php\/wp-json\/wp\/v2\/pages"}],"about":[{"href":"http:\/\/www.ozsoyplastik.com\/index.php\/wp-json\/wp\/v2\/types\/page"}],"author":[{"embeddable":true,"href":"http:\/\/www.ozsoyplastik.com\/index.php\/wp-json\/wp\/v2\/users\/1"}],"replies":[{"embeddable":true,"href":"http:\/\/www.ozsoyplastik.com\/index.php\/wp-json\/wp\/v2\/comments?post=5"}],"version-history":[{"count":39,"href":"http:\/\/www.ozsoyplastik.com\/index.php\/wp-json\/wp\/v2\/pages\/5\/revisions"}],"predecessor-version":[{"id":1735,"href":"http:\/\/www.ozsoyplastik.com\/index.php\/wp-json\/wp\/v2\/pages\/5\/revisions\/1735"}],"wp:attachment":[{"href":"http:\/\/www.ozsoyplastik.com\/index.php\/wp-json\/wp\/v2\/media?parent=5"}],"curies":[{"name":"wp","href":"https:\/\/api.w.org\/{rel}","templated":true}]}}