{"id":13,"date":"2015-10-17T10:22:59","date_gmt":"2015-10-17T07:22:59","guid":{"rendered":"http:\/\/localhost:90\/ozsoy\/?page_id=13"},"modified":"2016-12-03T09:43:10","modified_gmt":"2016-12-03T07:43:10","slug":"ambalaj-ve-onemi","status":"publish","type":"page","link":"http:\/\/www.ozsoyplastik.com\/index.php\/ambalaj-ve-onemi\/","title":{"rendered":"Ambalaj ve \u00d6nemi"},"content":{"rendered":"<p>[vc_row css=&#8221;.vc_custom_1411478929680{padding-top: 25px !important;padding-bottom: 25px !important;background-color: #e8e8e8 !important;background-position: center !important;background-repeat: no-repeat !important;background-size: cover !important;}&#8221;][vc_column width=&#8221;1\/4&#8243;][vc_column_text]<\/p>\n<p style=\"text-align: justify;\"><em><strong>Ambalaj\u0131n \u00d6nemi&#8230;<\/strong><\/em><\/p>\n<p style=\"text-align: justify;\">Ambalaj \u00fcr\u00fcn\u00fcn giysisi gibidir. T\u00fcketiciyi sat\u0131n alma eylemine haz\u0131rlamas\u0131 i\u00e7in gerekli t\u00fcm g\u00fczellikleri \u00fczerinde bulundurmas\u0131 gerekir. \u00dcr\u00fcn\u00fcn piyasada tutunabilmesi; do\u011fru ve etkili bir ambalaj malzemesinin se\u00e7imine ba\u011fl\u0131 oldu\u011fu kadar, ambalaj\u0131n tasar\u0131m\u0131na da ba\u011fl\u0131d\u0131r. \u00dcr\u00fcn\u00fcn yap\u0131s\u0131na uygun se\u00e7ilen renklerle uyumlu yaz\u0131 ve bi\u00e7imlerle tasarlanm\u0131\u015f \u00e7ekici, g\u00fczel g\u00f6r\u00fcn\u00fcml\u00fc bir ambalaj t\u00fcketiciyi olumlu y\u00f6nden etkiler.<\/p>\n<p style=\"text-align: justify;\">Ambalaj \u00fcr\u00fcn\u00fcn t\u00fcketiciye en ekonomik yolla ula\u015fmas\u0131n\u0131 sa\u011flar, depolama kolayl\u0131\u011f\u0131 yarat\u0131r\u00a0ve\u00a0\u00f6nemli bir g\u00f6revi de ta\u015f\u0131d\u0131\u011f\u0131 bilgilerle t\u00fcketiciye se\u00e7im, kullan\u0131m kolayl\u0131\u011f\u0131 sa\u011flamas\u0131d\u0131r.<\/p>\n<p>[\/vc_column_text][\/vc_column][vc_column width=&#8221;1\/2&#8243;][vc_single_image image=&#8221;931&#8243; img_size=&#8221;1600&#215;1200&#8243; alignment=&#8221;center&#8221; style=&#8221;vc_box_rounded&#8221;][\/vc_column][vc_column width=&#8221;1\/4&#8243;][vc_column_text]<\/p>\n<p style=\"text-align: left;\"><em><strong>Dizayn\u0131n \u00d6nemi&#8230;<\/strong><\/em><\/p>\n<p style=\"text-align: justify;\">Ambalaj\u0131n grafik tasar\u0131m\u0131, di\u011fer tan\u0131t\u0131m konular\u0131 gibi, grafikerlerimizin \u00a0sorumlulu\u011fundad\u0131r.<\/p>\n<p style=\"text-align: justify;\">\u00dcr\u00fcn t\u00fcketiciye sunuldu\u011fu zaman bulundu\u011fu yerde her konumda \u00e7ekici g\u00fcc\u00fcn\u00fc, etkisini g\u00f6stermelidir. Sat\u0131c\u0131lar \u00fcr\u00fcnleri yan yana dizerken her zaman ambalaj\u0131n geni\u015f y\u00fczeyini t\u00fcketicinin g\u00f6rebilece\u011fi \u015fekilde yerle\u015ftirmeyebilir. Ambalaj\u0131n yan ve \u00fcst y\u00fczeyleri de \u00fcr\u00fcn\u00fcn tan\u0131t\u0131m\u0131 a\u00e7\u0131s\u0131ndan \u00f6nemlidir.<\/p>\n<p style=\"text-align: justify;\">\u00dcr\u00fcn ambalaj\u0131n\u0131z\u0131n, farkl\u0131 kurulu\u015flar\u0131n \u00fcr\u00fcnleriyle yan yana geldi\u011finde \u00e7ekicili\u011fini korumas\u0131 gerekir. Bu durum, vitrinde yada market raflar\u0131nda oldu\u011fu kadar, t\u00fcketici elinde de ona verdi\u011fi g\u00fcven y\u00f6n\u00fcnden \u00f6nemlidir.<\/p>\n<p>[\/vc_column_text][\/vc_column][\/vc_row]<\/p>\n","protected":false},"excerpt":{"rendered":"<p>[vc_row css=&#8221;.vc_custom_1411478929680{padding-top: 25px !important;padding-bottom: 25px !important;background-color: #e8e8e8 !important;background-position: center !important;background-repeat: no-repeat !important;background-size: cover !important;}&#8221;][vc_column width=&#8221;1\/4&#8243;][vc_column_text] Ambalaj\u0131n \u00d6nemi&#8230; Ambalaj \u00fcr\u00fcn\u00fcn giysisi gibidir. T\u00fcketiciyi sat\u0131n alma eylemine haz\u0131rlamas\u0131 i\u00e7in gerekli t\u00fcm g\u00fczellikleri &#8230;<\/p>\n","protected":false},"author":1,"featured_media":0,"parent":0,"menu_order":0,"comment_status":"closed","ping_status":"closed","template":"template-fullwidth.php","meta":[],"_links":{"self":[{"href":"http:\/\/www.ozsoyplastik.com\/index.php\/wp-json\/wp\/v2\/pages\/13"}],"collection":[{"href":"http:\/\/www.ozsoyplastik.com\/index.php\/wp-json\/wp\/v2\/pages"}],"about":[{"href":"http:\/\/www.ozsoyplastik.com\/index.php\/wp-json\/wp\/v2\/types\/page"}],"author":[{"embeddable":true,"href":"http:\/\/www.ozsoyplastik.com\/index.php\/wp-json\/wp\/v2\/users\/1"}],"replies":[{"embeddable":true,"href":"http:\/\/www.ozsoyplastik.com\/index.php\/wp-json\/wp\/v2\/comments?post=13"}],"version-history":[{"count":16,"href":"http:\/\/www.ozsoyplastik.com\/index.php\/wp-json\/wp\/v2\/pages\/13\/revisions"}],"predecessor-version":[{"id":932,"href":"http:\/\/www.ozsoyplastik.com\/index.php\/wp-json\/wp\/v2\/pages\/13\/revisions\/932"}],"wp:attachment":[{"href":"http:\/\/www.ozsoyplastik.com\/index.php\/wp-json\/wp\/v2\/media?parent=13"}],"curies":[{"name":"wp","href":"https:\/\/api.w.org\/{rel}","templated":true}]}}