{"id":1178,"date":"2019-03-02T11:33:36","date_gmt":"2019-03-02T09:33:36","guid":{"rendered":"http:\/\/www.ozsoyplastik.com\/?page_id=1178"},"modified":"2019-03-02T11:33:41","modified_gmt":"2019-03-02T09:33:41","slug":"our-founder","status":"publish","type":"page","link":"http:\/\/www.ozsoyplastik.com\/index.php\/our-founder\/","title":{"rendered":"Our Founder"},"content":{"rendered":"\n<p> [vc_row][vc_column width=&#8221;1\/2&#8243;][vc_single_image image=&#8221;1062&#8243; img_size=&#8221;300&#215;370&#8243; alignment=&#8221;center&#8221;][\/vc_column][vc_column width=&#8221;1\/2&#8243;][vc_column_text] <\/p>\n\n\n\n<p style=\"text-align:center\"><strong>A. N\u0130HAT \u00d6ZSOY<\/strong><\/p>\n\n\n\n<p style=\"text-align:center\"><strong>1940 &#8211; 2010<\/strong><\/p>\n\n\n\n<p>He was born in 1940 in Gaziantep. After graduating from elementary school in 1952, he started his career. He started his business life in various sectors. In 1972, he established the first polyethylene packaging products company in Gaziantep and Southeastern Anatolia Region. He was the chairman of the board of directors of \u00d6ZSOY PLAST\u0130K. Known for his philanthropic and social personality, A. Nihat \u00d6ZSOY has been in his active working life until his death. is one of the rare companies. Company&#8217;s vision; customer satisfaction and technology-oriented work by producing quality products, the next generations to deliver better levels of the company.<\/p>\n","protected":false},"excerpt":{"rendered":"<p>[vc_row][vc_column width=&#8221;1\/2&#8243;][vc_single_image image=&#8221;1062&#8243; img_size=&#8221;300&#215;370&#8243; alignment=&#8221;center&#8221;][\/vc_column][vc_column width=&#8221;1\/2&#8243;][vc_column_text] A. N\u0130HAT \u00d6ZSOY 1940 &#8211; 2010 He was born in 1940 in Gaziantep. After graduating from elementary school in 1952, he started his career. &#8230;<\/p>\n","protected":false},"author":1,"featured_media":0,"parent":0,"menu_order":0,"comment_status":"closed","ping_status":"closed","template":"template-fullwidth.php","meta":[],"_links":{"self":[{"href":"http:\/\/www.ozsoyplastik.com\/index.php\/wp-json\/wp\/v2\/pages\/1178"}],"collection":[{"href":"http:\/\/www.ozsoyplastik.com\/index.php\/wp-json\/wp\/v2\/pages"}],"about":[{"href":"http:\/\/www.ozsoyplastik.com\/index.php\/wp-json\/wp\/v2\/types\/page"}],"author":[{"embeddable":true,"href":"http:\/\/www.ozsoyplastik.com\/index.php\/wp-json\/wp\/v2\/users\/1"}],"replies":[{"embeddable":true,"href":"http:\/\/www.ozsoyplastik.com\/index.php\/wp-json\/wp\/v2\/comments?post=1178"}],"version-history":[{"count":1,"href":"http:\/\/www.ozsoyplastik.com\/index.php\/wp-json\/wp\/v2\/pages\/1178\/revisions"}],"predecessor-version":[{"id":1179,"href":"http:\/\/www.ozsoyplastik.com\/index.php\/wp-json\/wp\/v2\/pages\/1178\/revisions\/1179"}],"wp:attachment":[{"href":"http:\/\/www.ozsoyplastik.com\/index.php\/wp-json\/wp\/v2\/media?parent=1178"}],"curies":[{"name":"wp","href":"https:\/\/api.w.org\/{rel}","templated":true}]}}