{"id":1059,"date":"2018-03-30T10:23:51","date_gmt":"2018-03-30T07:23:51","guid":{"rendered":"http:\/\/www.ozsoyplastik.com\/?page_id=1059"},"modified":"2018-03-30T10:46:09","modified_gmt":"2018-03-30T07:46:09","slug":"kurucumuz","status":"publish","type":"page","link":"http:\/\/www.ozsoyplastik.com\/index.php\/kurucumuz\/","title":{"rendered":"Kurucumuz"},"content":{"rendered":"<p>[vc_row][vc_column width=&#8221;1\/2&#8243;][vc_single_image image=&#8221;1062&#8243; img_size=&#8221;300&#215;370&#8243; alignment=&#8221;center&#8221;][\/vc_column][vc_column width=&#8221;1\/2&#8243;][vc_column_text]<\/p>\n<h4 style=\"text-align: center;\"><strong>\u00a0A. N\u0130HAT \u00d6ZSOY<\/strong><\/h4>\n<p style=\"text-align: center;\"><strong>1940 &#8211; 2010<\/strong><\/p>\n<p style=\"text-align: justify;\"><strong>1940 y\u0131l\u0131nda Gaziantep\u2019te do\u011fan A. Nihat \u00d6ZSOY, 1952 y\u0131l\u0131nda ilkokulu bitirdikten sonra\u00a0<\/strong><strong>i\u015f hayat\u0131na at\u0131ld\u0131. De\u011fi\u015fik sekt\u00f6rlerde\u00a0 ba\u015flayan i\u015f hayat\u0131, 1972 y\u0131l\u0131nda kurdu\u011fu Gaziantep\u00a0<\/strong><strong>ve G\u00fcneydo\u011fu Anadolu B\u00f6lgesinin ilk Polietilen Ambalaj \u00fcr\u00fcnleri \u00fcreten firmas\u0131 olan\u00a0<\/strong><strong>\u00d6ZSOY PLAST\u0130K ile, vefat\u0131na kadar ge\u00e7en 38 y\u0131ll\u0131k s\u00fcre\u00e7te \u015firketin Y\u00f6netim Kurulu\u00a0<\/strong><strong>Ba\u015fkanl\u0131\u011f\u0131n\u0131 yapt\u0131. Hay\u0131rsever ve sosyal ki\u015fili\u011fi\u2005ile tan\u0131nan A. Nihat \u00d6ZSOY vefat edene\u00a0<\/strong><strong>kadar aktif \u00e7al\u0131\u015fma hayat\u0131 i\u00e7erisinde olmu\u015ftur.<\/strong><\/p>\n<p style=\"text-align: justify;\"><strong>Halen ikinci ku\u015fak y\u00f6neticiler taraf\u0131ndan y\u00f6netilen \u00d6ZSOY PLAST\u0130K kurumsalla\u015fmaya\u00a0<\/strong><strong>\u00f6nem vererek, yap\u0131lan AR-GE \u00e7al\u0131\u015fmalar\u0131 ile \u00fcr\u00fcn gam\u0131n\u0131 her ge\u00e7en g\u00fcn artt\u0131ran ve\u00a0<\/strong><strong>sekt\u00f6rde orjinal hammadde ile \u00fcr\u00fcn \u00fcreten nadir firmalardan biri olma \u00f6zelli\u011fini\u00a0<\/strong><strong>korumaktad\u0131r. \u015eirketin vizyonu; m\u00fc\u015fteri memnuyeti ve teknoloji odakl\u0131 \u00e7al\u0131\u015fmalar\u0131 ile\u00a0<\/strong><strong>kaliteli \u00fcr\u00fcnler \u00fcreterek, sonraki nesillere \u015firketi daha iyi seviyelerde teslim etmektir.<\/strong><\/p>\n<p>[\/vc_column_text][\/vc_column][\/vc_row]<\/p>\n","protected":false},"excerpt":{"rendered":"<p>[vc_row][vc_column width=&#8221;1\/2&#8243;][vc_single_image image=&#8221;1062&#8243; img_size=&#8221;300&#215;370&#8243; alignment=&#8221;center&#8221;][\/vc_column][vc_column width=&#8221;1\/2&#8243;][vc_column_text] \u00a0A. N\u0130HAT \u00d6ZSOY 1940 &#8211; 2010 1940 y\u0131l\u0131nda Gaziantep\u2019te do\u011fan A. Nihat \u00d6ZSOY, 1952 y\u0131l\u0131nda ilkokulu bitirdikten sonra\u00a0i\u015f hayat\u0131na at\u0131ld\u0131. De\u011fi\u015fik sekt\u00f6rlerde\u00a0 ba\u015flayan i\u015f &#8230;<\/p>\n","protected":false},"author":1,"featured_media":0,"parent":0,"menu_order":0,"comment_status":"closed","ping_status":"closed","template":"template-fullwidth.php","meta":[],"_links":{"self":[{"href":"http:\/\/www.ozsoyplastik.com\/index.php\/wp-json\/wp\/v2\/pages\/1059"}],"collection":[{"href":"http:\/\/www.ozsoyplastik.com\/index.php\/wp-json\/wp\/v2\/pages"}],"about":[{"href":"http:\/\/www.ozsoyplastik.com\/index.php\/wp-json\/wp\/v2\/types\/page"}],"author":[{"embeddable":true,"href":"http:\/\/www.ozsoyplastik.com\/index.php\/wp-json\/wp\/v2\/users\/1"}],"replies":[{"embeddable":true,"href":"http:\/\/www.ozsoyplastik.com\/index.php\/wp-json\/wp\/v2\/comments?post=1059"}],"version-history":[{"count":25,"href":"http:\/\/www.ozsoyplastik.com\/index.php\/wp-json\/wp\/v2\/pages\/1059\/revisions"}],"predecessor-version":[{"id":1087,"href":"http:\/\/www.ozsoyplastik.com\/index.php\/wp-json\/wp\/v2\/pages\/1059\/revisions\/1087"}],"wp:attachment":[{"href":"http:\/\/www.ozsoyplastik.com\/index.php\/wp-json\/wp\/v2\/media?parent=1059"}],"curies":[{"name":"wp","href":"https:\/\/api.w.org\/{rel}","templated":true}]}}